{"id":188,"date":"2024-07-04T11:06:17","date_gmt":"2024-07-04T09:06:17","guid":{"rendered":"https:\/\/jpanimation38.fr\/?page_id=188"},"modified":"2025-01-04T10:51:01","modified_gmt":"2025-01-04T09:51:01","slug":"vedettes","status":"publish","type":"page","link":"https:\/\/jpanimation38.fr\/index.php\/vedettes\/","title":{"rendered":"VEDETTES"},"content":{"rendered":"<div id=\"pl-188\"  class=\"panel-layout\" ><div id=\"pg-188-0\"  class=\"panel-grid panel-has-style\" ><div style=\"padding: 100px 0; \" data-overlay=\"true\" data-overlay-color=\"#000000\" class=\"panel-row-style panel-row-style-for-188-0\" ><div id=\"pgc-188-0-0\"  class=\"panel-grid-cell\" ><div id=\"panel-188-0-0-0\" class=\"so-panel widget widget_sow-editor panel-first-child\" data-index=\"0\" ><div style=\"text-align: center;\" data-title-color=\"#443f3f\" data-headings-color=\"#443f3f\" class=\"panel-widget-style panel-widget-style-for-188-0-0-0\" ><div\n\t\t\t\n\t\t\tclass=\"so-widget-sow-editor so-widget-sow-editor-base\"\n\t\t\t\n\t\t>\n<div class=\"siteorigin-widget-tinymce textwidget\">\n\t<p><img loading=\"lazy\" decoding=\"async\" class=\" wp-image-121 aligncenter\" src=\"https:\/\/jpanimation38.fr\/wp-content\/uploads\/2024\/04\/landing-sm58-1-300x298.png\" alt=\"\" width=\"261\" height=\"268\" \/><\/p>\n<p style=\"text-align: left;\">JP ANIMATION 38, VOTRE PARTENAIRE 'LIVE' sur la r\u00e9gion de Grenoble vous offre ici la possibilit\u00e9 d'inviter des vedettes confirm\u00e9es - ou en passe de l'\u00eatre -\u00a0 pour une soir\u00e9e nostalgie ou d\u00e9couverte, l'une comme l'autre inoubliables ! N'h\u00e9sitez pas \u00e0 <a href=\"https:\/\/jpanimation38.fr\/index.php\/contact-2\/\">nous contacter<\/a> pour toute question relative \u00e0 leur disponibilit\u00e9 et\/ou leur cachet !<\/p>\n<\/div>\n<\/div><\/div><\/div><div id=\"panel-188-0-0-1\" class=\"so-panel widget widget_sow-image\" data-index=\"1\" ><div style=\"text-align: left;\" data-title-color=\"#443f3f\" data-headings-color=\"#443f3f\" class=\"panel-widget-style panel-widget-style-for-188-0-0-1\" ><div\n\t\t\t\n\t\t\tclass=\"so-widget-sow-image so-widget-sow-image-default-113ccd71f3e6-188\"\n\t\t\t\n\t\t>\n\n<div class=\"sow-image-container\">\n\t\t<img loading=\"lazy\" decoding=\"async\" src=\"https:\/\/jpanimation38.fr\/wp-content\/uploads\/2024\/07\/florent-300x296.png\" width=\"300\" height=\"296\" srcset=\"https:\/\/jpanimation38.fr\/wp-content\/uploads\/2024\/07\/florent-300x296.png 300w, https:\/\/jpanimation38.fr\/wp-content\/uploads\/2024\/07\/florent-230x227.png 230w, https:\/\/jpanimation38.fr\/wp-content\/uploads\/2024\/07\/florent-350x346.png 350w, https:\/\/jpanimation38.fr\/wp-content\/uploads\/2024\/07\/florent-480x474.png 480w, https:\/\/jpanimation38.fr\/wp-content\/uploads\/2024\/07\/florent.png 549w\" sizes=\"auto, (max-width: 300px) 100vw, 300px\" alt=\"\" \t\tclass=\"so-widget-image\"\/>\n\t<\/div>\n\n<\/div><\/div><\/div><div id=\"panel-188-0-0-2\" class=\"so-panel widget widget_sow-editor\" data-index=\"2\" ><div style=\"text-align: left;\" data-title-color=\"#443f3f\" data-headings-color=\"#443f3f\" class=\"panel-widget-style panel-widget-style-for-188-0-0-2\" ><div\n\t\t\t\n\t\t\tclass=\"so-widget-sow-editor so-widget-sow-editor-base\"\n\t\t\t\n\t\t>\n<div class=\"siteorigin-widget-tinymce textwidget\">\n\t<p>Florent Battani est une d\u00e9couverte locale, une \u00e9toile montante de la chanson, travaillant en \u00e9troite collaboration avec JP Animation 38. Passionn\u00e9 en priv\u00e9, passionnant sur sc\u00e8ne, Florent donne tout \u00e0 son public : soyez t\u00e9moin de son ascension sur la sc\u00e8ne musicale grenobloise, premi\u00e8re marche vers une reconnaissance hexagonale !<\/p>\n<\/div>\n<\/div><\/div><\/div><div id=\"panel-188-0-0-3\" class=\"so-panel widget widget_sow-button\" data-index=\"3\" ><div style=\"text-align: left;\" data-title-color=\"#443f3f\" data-headings-color=\"#443f3f\" class=\"panel-widget-style panel-widget-style-for-188-0-0-3\" ><div\n\t\t\t\n\t\t\tclass=\"so-widget-sow-button so-widget-sow-button-flat-c7818f6e6cc8-188\"\n\t\t\t\n\t\t><div class=\"ow-button-base ow-button-align-center\">\n\t\t\t<a\n\t\t\t\t\thref=\"https:\/\/jpanimation38.fr\/index.php\/contact-2\/\"\n\t\t\t\t\tclass=\"sowb-button ow-icon-placement-left ow-button-hover\" id=\"R\u00e9server une soir\u00e9e Florent Battini sur Grenoble\" title=\"Plus d&#039;infos sur une prestation Elvis Presley\" \t>\n\t\t<span>\n\t\t\t\n\t\t\tR\u00e9servez\t\t<\/span>\n\t\t\t<\/a>\n\t<\/div>\n<\/div><\/div><\/div><div id=\"panel-188-0-0-4\" class=\"so-panel widget widget_sow-image\" data-index=\"4\" ><div style=\"text-align: left;\" data-title-color=\"#443f3f\" data-headings-color=\"#443f3f\" class=\"panel-widget-style panel-widget-style-for-188-0-0-4\" ><div\n\t\t\t\n\t\t\tclass=\"so-widget-sow-image so-widget-sow-image-default-113ccd71f3e6-188\"\n\t\t\t\n\t\t>\n\n<div class=\"sow-image-container\">\n\t\t<img loading=\"lazy\" decoding=\"async\" src=\"https:\/\/jpanimation38.fr\/wp-content\/uploads\/2024\/07\/jeane-manson-300x296.png\" width=\"300\" height=\"296\" srcset=\"https:\/\/jpanimation38.fr\/wp-content\/uploads\/2024\/07\/jeane-manson-300x296.png 300w, https:\/\/jpanimation38.fr\/wp-content\/uploads\/2024\/07\/jeane-manson-230x227.png 230w, https:\/\/jpanimation38.fr\/wp-content\/uploads\/2024\/07\/jeane-manson-350x346.png 350w, https:\/\/jpanimation38.fr\/wp-content\/uploads\/2024\/07\/jeane-manson-480x474.png 480w, https:\/\/jpanimation38.fr\/wp-content\/uploads\/2024\/07\/jeane-manson.png 549w\" sizes=\"auto, (max-width: 300px) 100vw, 300px\" alt=\"\" \t\tclass=\"so-widget-image\"\/>\n\t<\/div>\n\n<\/div><\/div><\/div><div id=\"panel-188-0-0-5\" class=\"so-panel widget widget_sow-editor\" data-index=\"5\" ><div style=\"text-align: left;\" data-title-color=\"#443f3f\" data-headings-color=\"#443f3f\" class=\"panel-widget-style panel-widget-style-for-188-0-0-5\" ><div\n\t\t\t\n\t\t\tclass=\"so-widget-sow-editor so-widget-sow-editor-base\"\n\t\t\t\n\t\t>\n<div class=\"siteorigin-widget-tinymce textwidget\">\n\t<p>Est-il besoin de vous pr\u00e9senter Jeane Manson ? Non, \u00e0 l'\u00e9vidence. L'Am\u00e9ricaine n\u00e9e au Mexique vous enchantera avec ses d\u00e9sormais classiques \"Avant de nous dire adieu\", \"Fais moi danser\" ou \" Hymne \u00e0 la vie\", succ\u00e8s qui lui ont valu une place unique sur la sc\u00e8ne nationale !<\/p>\n<\/div>\n<\/div><\/div><\/div><div id=\"panel-188-0-0-6\" class=\"so-panel widget widget_sow-button\" data-index=\"6\" ><div style=\"text-align: left;\" data-title-color=\"#443f3f\" data-headings-color=\"#443f3f\" class=\"panel-widget-style panel-widget-style-for-188-0-0-6\" ><div\n\t\t\t\n\t\t\tclass=\"so-widget-sow-button so-widget-sow-button-flat-c7818f6e6cc8-188\"\n\t\t\t\n\t\t><div class=\"ow-button-base ow-button-align-center\">\n\t\t\t<a\n\t\t\t\t\thref=\"https:\/\/jpanimation38.fr\/index.php\/contact-2\/\"\n\t\t\t\t\tclass=\"sowb-button ow-icon-placement-left ow-button-hover\" id=\"R\u00e9server une soir\u00e9e Jeane Manson sur Grenoble\" title=\"Plus d&#039;infos sur une prestation Elvis Presley\" \t>\n\t\t<span>\n\t\t\t\n\t\t\tR\u00e9servez\t\t<\/span>\n\t\t\t<\/a>\n\t<\/div>\n<\/div><\/div><\/div><div id=\"panel-188-0-0-7\" class=\"so-panel widget widget_sow-image\" data-index=\"7\" ><div style=\"text-align: left;\" data-title-color=\"#443f3f\" data-headings-color=\"#443f3f\" class=\"panel-widget-style panel-widget-style-for-188-0-0-7\" ><div\n\t\t\t\n\t\t\tclass=\"so-widget-sow-image so-widget-sow-image-default-113ccd71f3e6-188\"\n\t\t\t\n\t\t>\n\n<div class=\"sow-image-container\">\n\t\t<img loading=\"lazy\" decoding=\"async\" src=\"https:\/\/jpanimation38.fr\/wp-content\/uploads\/2024\/07\/delagrange-300x296.png\" width=\"300\" height=\"296\" srcset=\"https:\/\/jpanimation38.fr\/wp-content\/uploads\/2024\/07\/delagrange-300x296.png 300w, https:\/\/jpanimation38.fr\/wp-content\/uploads\/2024\/07\/delagrange-230x227.png 230w, https:\/\/jpanimation38.fr\/wp-content\/uploads\/2024\/07\/delagrange-350x346.png 350w, https:\/\/jpanimation38.fr\/wp-content\/uploads\/2024\/07\/delagrange-480x474.png 480w, https:\/\/jpanimation38.fr\/wp-content\/uploads\/2024\/07\/delagrange.png 549w\" sizes=\"auto, (max-width: 300px) 100vw, 300px\" alt=\"\" \t\tclass=\"so-widget-image\"\/>\n\t<\/div>\n\n<\/div><\/div><\/div><div id=\"panel-188-0-0-8\" class=\"so-panel widget widget_sow-editor\" data-index=\"8\" ><div style=\"text-align: left;\" data-title-color=\"#443f3f\" data-headings-color=\"#443f3f\" class=\"panel-widget-style panel-widget-style-for-188-0-0-8\" ><div\n\t\t\t\n\t\t\tclass=\"so-widget-sow-editor so-widget-sow-editor-base\"\n\t\t\t\n\t\t>\n<div class=\"siteorigin-widget-tinymce textwidget\">\n\t<p>Christian Delagrange <span class=\"xr_s10\"><span class=\"xr_tl xr_s13\"> est une des plus belles voix francophones : \"<span class=\"xr_s14\">Rosetta\"<\/span>, \"<span class=\"xr_s14\">Sans toi je suis seul\"<\/span>, \"<span class=\"xr_s14\">Petite fille\"<\/span>, \"<span class=\"xr_s14\">Tendre <\/span><\/span> <span class=\"xr_tl xr_s11\"><span class=\"xr_s14\">Cathy\"<\/span><span class=\"xr_s13\">, \"<\/span><span class=\"xr_s14\">Ne t\u2019en vas pas\", \"J\u2019aime la vie avec toi\"<\/span><span class=\"xr_s13\"> et tant d\u2019autres r\u00e9sonnent dans nos m\u00e9moires et font chanter les salles, le temps d'une soir\u00e9e exclusive et chaleureuse !<\/span><\/span><\/span><\/p>\n<\/div>\n<\/div><\/div><\/div><div id=\"panel-188-0-0-9\" class=\"so-panel widget widget_sow-button\" data-index=\"9\" ><div style=\"text-align: left;\" data-title-color=\"#443f3f\" data-headings-color=\"#443f3f\" class=\"panel-widget-style panel-widget-style-for-188-0-0-9\" ><div\n\t\t\t\n\t\t\tclass=\"so-widget-sow-button so-widget-sow-button-flat-c7818f6e6cc8-188\"\n\t\t\t\n\t\t><div class=\"ow-button-base ow-button-align-center\">\n\t\t\t<a\n\t\t\t\t\thref=\"https:\/\/jpanimation38.fr\/index.php\/contact-2\/\"\n\t\t\t\t\tclass=\"sowb-button ow-icon-placement-left ow-button-hover\" id=\"R\u00e9server une soir\u00e9e Christian Delagrange sur Grenoble\" title=\"Plus d&#039;infos sur une prestation Elvis Presley\" \t>\n\t\t<span>\n\t\t\t\n\t\t\tR\u00e9servez\t\t<\/span>\n\t\t\t<\/a>\n\t<\/div>\n<\/div><\/div><\/div><div id=\"panel-188-0-0-10\" class=\"so-panel widget widget_sow-image\" data-index=\"10\" ><div style=\"text-align: left;\" data-title-color=\"#443f3f\" data-headings-color=\"#443f3f\" class=\"panel-widget-style panel-widget-style-for-188-0-0-10\" ><div\n\t\t\t\n\t\t\tclass=\"so-widget-sow-image so-widget-sow-image-default-113ccd71f3e6-188\"\n\t\t\t\n\t\t>\n\n<div class=\"sow-image-container\">\n\t\t<img loading=\"lazy\" decoding=\"async\" src=\"https:\/\/jpanimation38.fr\/wp-content\/uploads\/2025\/01\/jo-oz-300x296.png\" width=\"300\" height=\"296\" srcset=\"https:\/\/jpanimation38.fr\/wp-content\/uploads\/2025\/01\/jo-oz-300x296.png 300w, https:\/\/jpanimation38.fr\/wp-content\/uploads\/2025\/01\/jo-oz-230x227.png 230w, https:\/\/jpanimation38.fr\/wp-content\/uploads\/2025\/01\/jo-oz-350x346.png 350w, https:\/\/jpanimation38.fr\/wp-content\/uploads\/2025\/01\/jo-oz-480x474.png 480w, https:\/\/jpanimation38.fr\/wp-content\/uploads\/2025\/01\/jo-oz.png 549w\" sizes=\"auto, (max-width: 300px) 100vw, 300px\" alt=\"\" \t\tclass=\"so-widget-image\"\/>\n\t<\/div>\n\n<\/div><\/div><\/div><div id=\"panel-188-0-0-11\" class=\"so-panel widget widget_sow-editor\" data-index=\"11\" ><div style=\"text-align: left;\" data-title-color=\"#443f3f\" data-headings-color=\"#443f3f\" class=\"panel-widget-style panel-widget-style-for-188-0-0-11\" ><div\n\t\t\t\n\t\t\tclass=\"so-widget-sow-editor so-widget-sow-editor-base\"\n\t\t\t\n\t\t>\n<div class=\"siteorigin-widget-tinymce textwidget\">\n\t<p><span class=\"xr_s10\"><span class=\"xr_tl xr_s11\"><span class=\"xr_s13\">Passionne\u0301e depuis son plus jeune a\u0302ge par la chanson, Jos\u00e9phine Oz interpr\u00e8te des covers coup de coeur en Fran\u00e7ais, en Anglais et en Italien, ses origines siciliennes obligent ! A d\u00e9couvrir live !<\/span><\/span><\/span><\/p>\n<\/div>\n<\/div><\/div><\/div><div id=\"panel-188-0-0-12\" class=\"so-panel widget widget_sow-button panel-last-child\" data-index=\"12\" ><div style=\"text-align: left;\" data-title-color=\"#443f3f\" data-headings-color=\"#443f3f\" class=\"panel-widget-style panel-widget-style-for-188-0-0-12\" ><div\n\t\t\t\n\t\t\tclass=\"so-widget-sow-button so-widget-sow-button-flat-c7818f6e6cc8-188\"\n\t\t\t\n\t\t><div class=\"ow-button-base ow-button-align-center\">\n\t\t\t<a\n\t\t\t\t\thref=\"https:\/\/jpanimation38.fr\/index.php\/contact-2\/\"\n\t\t\t\t\tclass=\"sowb-button ow-icon-placement-left ow-button-hover\" id=\"R\u00e9server une soir\u00e9e Christian Delagrange sur Grenoble\" title=\"Plus d&#039;infos sur une prestation Elvis Presley\" \t>\n\t\t<span>\n\t\t\t\n\t\t\tR\u00e9servez\t\t<\/span>\n\t\t\t<\/a>\n\t<\/div>\n<\/div><\/div><\/div><\/div><\/div><\/div><\/div>","protected":false},"excerpt":{"rendered":"<p>JP ANIMATION 38, VOTRE PARTENAIRE &lsquo;LIVE&rsquo; sur la r\u00e9gion de Grenoble vous offre ici la possibilit\u00e9 d&rsquo;inviter des vedettes confirm\u00e9es &#8211; ou [&hellip;]<\/p>\n","protected":false},"author":1,"featured_media":0,"parent":0,"menu_order":0,"comment_status":"closed","ping_status":"closed","template":"","meta":{"footnotes":""},"class_list":["post-188","page","type-page","status-publish","hentry"],"_links":{"self":[{"href":"https:\/\/jpanimation38.fr\/index.php\/wp-json\/wp\/v2\/pages\/188","targetHints":{"allow":["GET"]}}],"collection":[{"href":"https:\/\/jpanimation38.fr\/index.php\/wp-json\/wp\/v2\/pages"}],"about":[{"href":"https:\/\/jpanimation38.fr\/index.php\/wp-json\/wp\/v2\/types\/page"}],"author":[{"embeddable":true,"href":"https:\/\/jpanimation38.fr\/index.php\/wp-json\/wp\/v2\/users\/1"}],"replies":[{"embeddable":true,"href":"https:\/\/jpanimation38.fr\/index.php\/wp-json\/wp\/v2\/comments?post=188"}],"version-history":[{"count":12,"href":"https:\/\/jpanimation38.fr\/index.php\/wp-json\/wp\/v2\/pages\/188\/revisions"}],"predecessor-version":[{"id":277,"href":"https:\/\/jpanimation38.fr\/index.php\/wp-json\/wp\/v2\/pages\/188\/revisions\/277"}],"wp:attachment":[{"href":"https:\/\/jpanimation38.fr\/index.php\/wp-json\/wp\/v2\/media?parent=188"}],"curies":[{"name":"wp","href":"https:\/\/api.w.org\/{rel}","templated":true}]}}