{"id":208,"date":"2024-07-04T11:37:49","date_gmt":"2024-07-04T09:37:49","guid":{"rendered":"https:\/\/jpanimation38.fr\/?page_id=208"},"modified":"2024-07-04T11:37:49","modified_gmt":"2024-07-04T09:37:49","slug":"live-2","status":"publish","type":"page","link":"https:\/\/jpanimation38.fr\/index.php\/live-2\/","title":{"rendered":"Live"},"content":{"rendered":"<div id=\"pl-208\"  class=\"panel-layout\" ><div id=\"pg-208-0\"  class=\"panel-grid panel-has-style\" ><div style=\"padding: 100px 0; \" data-overlay=\"true\" data-overlay-color=\"#000000\" class=\"panel-row-style panel-row-style-for-208-0\" ><div id=\"pgc-208-0-0\"  class=\"panel-grid-cell\" ><div id=\"panel-208-0-0-0\" class=\"so-panel widget widget_sow-editor panel-first-child panel-last-child\" data-index=\"0\" ><div style=\"text-align: center;\" data-title-color=\"#443f3f\" data-headings-color=\"#443f3f\" class=\"panel-widget-style panel-widget-style-for-208-0-0-0\" ><div\n\t\t\t\n\t\t\tclass=\"so-widget-sow-editor so-widget-sow-editor-base\"\n\t\t\t\n\t\t>\n<div class=\"siteorigin-widget-tinymce textwidget\">\n\t<p><img loading=\"lazy\" decoding=\"async\" class=\"wp-image-210  aligncenter\" src=\"https:\/\/jpanimation38.fr\/wp-content\/uploads\/2024\/07\/crowd-300x135.jpg\" alt=\"\" width=\"799\" height=\"354\" \/><\/p>\n<p style=\"text-align: left;\">JP ANIMATION 38, VOTRE PARTENAIRE 'LIVE' sur la r\u00e9gion de Grenoble vous propose une s\u00e9lection d'\u00e9v\u00e8nements 'en public', de la participation de <a href=\"https:\/\/jpanimation38.fr\/index.php\/vedettes\/\">vedettes<\/a> \u00e0 celle de <a href=\"https:\/\/jpanimation38.fr\/index.php\/live\/\">sosies<\/a> ; d\u00e9couvrez ou re-d\u00e9couvrez les chansons qui ont enchant\u00e9 vos jeunes ann\u00e9es, interpr\u00e9t\u00e9es sur sc\u00e8ne avec talent par des artistes s\u00e9lectionn\u00e9s par nos soins !<\/p>\n<\/div>\n<\/div><\/div><\/div><\/div><\/div><\/div><div id=\"pg-208-1\"  class=\"panel-grid panel-has-style\" ><div style=\"padding: 0px 0; \" data-overlay=\"true\" data-overlay-color=\"#000000\" class=\"panel-row-style panel-row-style-for-208-1\" ><div id=\"pgc-208-1-0\"  class=\"panel-grid-cell\" ><div id=\"panel-208-1-0-0\" class=\"so-panel widget widget_sow-image panel-first-child\" data-index=\"1\" ><div style=\"text-align: left;\" data-title-color=\"#443f3f\" data-headings-color=\"#443f3f\" class=\"panel-widget-style panel-widget-style-for-208-1-0-0\" ><div\n\t\t\t\n\t\t\tclass=\"so-widget-sow-image so-widget-sow-image-default-113ccd71f3e6-208\"\n\t\t\t\n\t\t>\n\n<div class=\"sow-image-container\">\n\t\t\t<a href=\"https:\/\/jpanimation38.fr\/index.php\/vedettes\/\"\n\t\t\t\t\t>\n\t\t\t<img loading=\"lazy\" decoding=\"async\" src=\"https:\/\/jpanimation38.fr\/wp-content\/uploads\/2024\/07\/florent-300x296.png\" width=\"300\" height=\"296\" srcset=\"https:\/\/jpanimation38.fr\/wp-content\/uploads\/2024\/07\/florent-300x296.png 300w, https:\/\/jpanimation38.fr\/wp-content\/uploads\/2024\/07\/florent-230x227.png 230w, https:\/\/jpanimation38.fr\/wp-content\/uploads\/2024\/07\/florent-350x346.png 350w, https:\/\/jpanimation38.fr\/wp-content\/uploads\/2024\/07\/florent-480x474.png 480w, https:\/\/jpanimation38.fr\/wp-content\/uploads\/2024\/07\/florent.png 549w\" sizes=\"auto, (max-width: 300px) 100vw, 300px\" title=\"VEDETTES\" alt=\"\" \t\tclass=\"so-widget-image\"\/>\n\t<\/a><\/div>\n\n<\/div><\/div><\/div><div id=\"panel-208-1-0-1\" class=\"so-panel widget widget_sow-editor panel-last-child\" data-index=\"2\" ><div style=\"text-align: left;\" data-title-color=\"#443f3f\" data-headings-color=\"#443f3f\" class=\"panel-widget-style panel-widget-style-for-208-1-0-1\" ><div\n\t\t\t\n\t\t\tclass=\"so-widget-sow-editor so-widget-sow-editor-base\"\n\t\t\t\n\t\t>\n<div class=\"siteorigin-widget-tinymce textwidget\">\n\t<h6 style=\"text-align: center;\"><a href=\"https:\/\/jpanimation38.fr\/index.php\/vedettes\/\">VEDETTES<\/a><\/h6>\n<\/div>\n<\/div><\/div><\/div><\/div><div id=\"pgc-208-1-1\"  class=\"panel-grid-cell\" ><div id=\"panel-208-1-1-0\" class=\"so-panel widget widget_sow-image panel-first-child\" data-index=\"3\" ><div style=\"text-align: left;\" data-title-color=\"#443f3f\" data-headings-color=\"#443f3f\" class=\"panel-widget-style panel-widget-style-for-208-1-1-0\" ><div\n\t\t\t\n\t\t\tclass=\"so-widget-sow-image so-widget-sow-image-default-113ccd71f3e6-208\"\n\t\t\t\n\t\t>\n\n<div class=\"sow-image-container\">\n\t\t\t<a href=\"https:\/\/jpanimation38.fr\/index.php\/live\/\"\n\t\t\t\t\t>\n\t\t\t<img loading=\"lazy\" decoding=\"async\" src=\"https:\/\/jpanimation38.fr\/wp-content\/uploads\/2024\/06\/elvis-300x296.png\" width=\"300\" height=\"296\" srcset=\"https:\/\/jpanimation38.fr\/wp-content\/uploads\/2024\/06\/elvis-300x296.png 300w, https:\/\/jpanimation38.fr\/wp-content\/uploads\/2024\/06\/elvis-230x227.png 230w, https:\/\/jpanimation38.fr\/wp-content\/uploads\/2024\/06\/elvis-350x346.png 350w, https:\/\/jpanimation38.fr\/wp-content\/uploads\/2024\/06\/elvis-480x474.png 480w, https:\/\/jpanimation38.fr\/wp-content\/uploads\/2024\/06\/elvis.png 549w\" sizes=\"auto, (max-width: 300px) 100vw, 300px\" title=\"SOSIES\" alt=\"\" \t\tclass=\"so-widget-image\"\/>\n\t<\/a><\/div>\n\n<\/div><\/div><\/div><div id=\"panel-208-1-1-1\" class=\"so-panel widget widget_sow-editor panel-last-child\" data-index=\"4\" ><div style=\"text-align: left;\" data-title-color=\"#443f3f\" data-headings-color=\"#443f3f\" class=\"panel-widget-style panel-widget-style-for-208-1-1-1\" ><div\n\t\t\t\n\t\t\tclass=\"so-widget-sow-editor so-widget-sow-editor-base\"\n\t\t\t\n\t\t>\n<div class=\"siteorigin-widget-tinymce textwidget\">\n\t<h6 style=\"text-align: center;\"><a href=\"https:\/\/jpanimation38.fr\/index.php\/live\/\">SOSIES<\/a><\/h6>\n<\/div>\n<\/div><\/div><\/div><\/div><\/div><\/div><\/div>","protected":false},"excerpt":{"rendered":"<p>JP ANIMATION 38, VOTRE PARTENAIRE &lsquo;LIVE&rsquo; sur la r\u00e9gion de Grenoble vous propose une s\u00e9lection d&rsquo;\u00e9v\u00e8nements &lsquo;en public&rsquo;, de la participation de [&hellip;]<\/p>\n","protected":false},"author":1,"featured_media":0,"parent":0,"menu_order":0,"comment_status":"closed","ping_status":"closed","template":"","meta":{"footnotes":""},"class_list":["post-208","page","type-page","status-publish","hentry"],"_links":{"self":[{"href":"https:\/\/jpanimation38.fr\/index.php\/wp-json\/wp\/v2\/pages\/208","targetHints":{"allow":["GET"]}}],"collection":[{"href":"https:\/\/jpanimation38.fr\/index.php\/wp-json\/wp\/v2\/pages"}],"about":[{"href":"https:\/\/jpanimation38.fr\/index.php\/wp-json\/wp\/v2\/types\/page"}],"author":[{"embeddable":true,"href":"https:\/\/jpanimation38.fr\/index.php\/wp-json\/wp\/v2\/users\/1"}],"replies":[{"embeddable":true,"href":"https:\/\/jpanimation38.fr\/index.php\/wp-json\/wp\/v2\/comments?post=208"}],"version-history":[{"count":10,"href":"https:\/\/jpanimation38.fr\/index.php\/wp-json\/wp\/v2\/pages\/208\/revisions"}],"predecessor-version":[{"id":230,"href":"https:\/\/jpanimation38.fr\/index.php\/wp-json\/wp\/v2\/pages\/208\/revisions\/230"}],"wp:attachment":[{"href":"https:\/\/jpanimation38.fr\/index.php\/wp-json\/wp\/v2\/media?parent=208"}],"curies":[{"name":"wp","href":"https:\/\/api.w.org\/{rel}","templated":true}]}}