{"id":55,"date":"2024-04-24T11:20:15","date_gmt":"2024-04-24T09:20:15","guid":{"rendered":"https:\/\/jpanimation38.fr\/?page_id=55"},"modified":"2024-04-25T10:35:24","modified_gmt":"2024-04-25T08:35:24","slug":"reglement","status":"publish","type":"page","link":"https:\/\/jpanimation38.fr\/index.php\/reglement\/","title":{"rendered":"Mentions L\u00e9gales"},"content":{"rendered":"<h4 style=\"text-align: center;\">Mentions l\u00e9gales<\/h4>\n<p>jpanimation38.fr et \/jpanimation38.com sont les sites officiels de Jean-Paul Curatella<\/p>\n<p>Jean Paul Curatella \u2013 7 rue du 13 juillet 1972 \u2013 38800 Le Pont De Claix \u2013 T\u00e9l : 06 83 32 04 88<\/p>\n<p>Responsable de la publication : Jean Paul Curatella<br \/>\nResponsable \u00e9ditoriale : Jean Paul Curatella<br \/>\nResponsable du site et de la r\u00e9daction : Jean Paul Curatella<br \/>\nCr\u00e9dits photos (hors mentions particuli\u00e8res) : Jean Paul Curatella<\/p>\n<p>Direction de la communication:<\/p>\n<p>Contact au 06 83 32 04 88 ou par messagerie \u00e0 jp.animation@hotmail.fr<\/p>\n<p>R\u00e9alisation technique:<\/p>\n<p>Outil de gestion de contenus WordPress : WordPress 6.2<\/p>\n<p>H\u00e9bergement et maintenance du site :<br \/>\nOVH: Adresse: 2 RUE KELLERMANN: Code postal: 59100: Ville: ROUBAIX: Pays: France<\/p>\n<p>&nbsp;<\/p>\n<p><strong>Contexte d\u2019utilisation:<\/strong><\/p>\n<p>Le site JP ANIMATION 38 est mis \u00e0 jour quotidiennement. Les contenus peuvent y \u00eatre enrichis, modifi\u00e9s ou supprim\u00e9s, en tout temps et sans pr\u00e9avis. Si vous constatez des probl\u00e8mes techniques, des informations inexactes, incompl\u00e8tes ou des omissions, n\u2019h\u00e9sitez pas \u00e0 nous le(s) signaler via le <a href=\"https:\/\/jpanimation38.fr\/index.php\/contact-2\/\" target=\"_blank\" rel=\"noopener\">formulaire de contact<\/a>.<\/p>\n<p>JP ANIMATION 38 se r\u00e9serve le droit de r\u00e9viser, supprimer, modifier, valider ou changer, int\u00e9gralement ou en partie, tout contenu envoy\u00e9 ou affich\u00e9 sur ses sites web. Elle d\u00e9cline toute responsabilit\u00e9 quant aux contenus des sites r\u00e9f\u00e9renc\u00e9s via des liens hypertextes sur ses sites web.<\/p>\n<div id=\"cookies\" dir=\"ltr\"><\/div>\n<p><strong>Donn\u00e9es personnelles<\/strong><\/p>\n<p>Collecte de donn\u00e9es personnelles:<\/p>\n<p>En consultant ce site web, JP ANIMATION 38 peut \u00eatre amen\u00e9e \u00e0 utiliser des donn\u00e9es personnelles vous concernant. Le traitement de ces donn\u00e9es est n\u00e9cessaire afin de :<\/p>\n<p>&#8211; r\u00e9pondre \u00e0 vos demandes effectu\u00e9es par le biais de notre site. Dans ce cas, les donn\u00e9es que nous recueillons sont uniquement celles que vous nous fournissez via nos t\u00e9l\u00e9services<br \/>\n&#8211; nous permettre de r\u00e9aliser des statistiques et am\u00e9liorer ainsi notre offre de services.<\/p>\n<p>Ces donn\u00e9es ne sont communiqu\u00e9es qu\u2019au personnel de JP ANIMATION 38, ainsi qu\u2019aux destinataires d\u00fbment habilit\u00e9s. La collectivit\u00e9 s\u2019engage \u00e0 n\u2019op\u00e9rer aucune commercialisation de ces informations, et \u00e0 les utiliser conform\u00e9ment aux finalit\u00e9s d\u00e9clar\u00e9es.<\/p>\n<p>Combien de temps sont conserv\u00e9s vos donn\u00e9es ?<\/p>\n<p>Vos donn\u00e9es sont conserv\u00e9es le temps d\u2019\u00e9tablir une proposition financi\u00e8re \u00e0 votre demande, soit pendant une dur\u00e9e maximale d\u2019un mois.<\/p>\n<p>Vos droits en mati\u00e8re de donn\u00e9es personnelles:<\/p>\n<p>Conform\u00e9ment \u00e0 la loi n\u00b078-17 du 6 janvier 1978 modifi\u00e9e relative \u00e0 l\u2019informatique, aux fichiers et aux libert\u00e9s ainsi qu\u2019au R\u00e8glement G\u00e9n\u00e9ral sur la Protection des Donn\u00e9es du 27 avril 2016, vous disposez d\u2019un droit d\u2019acc\u00e8s et, le cas \u00e9ch\u00e9ant, de rectification, de suppression et de portabilit\u00e9 de vos donn\u00e9es personnelles. Vous pouvez \u00e9galement, pour des motifs l\u00e9gitimes, vous opposer \u00e0 leur utilisation.<\/p>\n<p>&nbsp;<\/p>\n<p><strong>Comment les exercer ?<\/strong><\/p>\n<p>Pour exercer vos droits, ou pour toute demande relative \u00e0 vos donn\u00e9es personnelles, vous pouvez contacter JP ANIMATION 38 par \u00e9crit \u00e0 : JP ANIMATION 38 \u2013 A l\u2019attention du d\u00e9l\u00e9gu\u00e9 \u00e0 la protection des donn\u00e9es \u2013 Jean Paul Curatella \u2013 7 rue du 13 juillet 1972 \u2013 38800 Le Pont De Claix \u2013 T\u00e9l : 06 83 32 04 88.<br \/>\nJoignez \u00e0 votre demande un justificatif d\u2019identit\u00e9 valide, pour limiter tout risque d\u2019usurpation d\u2019identit\u00e9.<\/p>\n<p>Vous pouvez vous opposer au suivi de votre navigation sur ce site web. Cela prot\u00e9gera votre vie priv\u00e9e, mais emp\u00eachera \u00e9galement le propri\u00e9taire d&rsquo;apprendre de vos actions et de cr\u00e9er une meilleure exp\u00e9rience pour vous et les autres utilisateurs.<\/p>\n<p>&nbsp;<\/p>\n<p><strong>Utilisation des cookies:<\/strong><\/p>\n<p>Les cookies sont des fichiers stock\u00e9s sur votre ordinateur par les sites web que vous visitez et contiennent des informations telles que vos pr\u00e9f\u00e9rences de navigation ou votre statut de connexion. Les cookies de ce site sont utilis\u00e9s par le syst\u00e8me de statistique Google Analytics. Il vous appartient de refuser l\u2019utilisation de ce stockage lors de votre premi\u00e8re visite.<\/p>\n<p>&nbsp;<\/p>\n<p><strong>Droit d&rsquo;auteur, copyright :<br \/>\n<\/strong><\/p>\n<p>Les photographies, textes, images, s\u00e9quences anim\u00e9es sonores ou non, logos, et ic\u00f4nes graphiques dans ce site sont la propri\u00e9t\u00e9 de JP ANIMATION 38 ou de tiers ayant autoris\u00e9 JP ANIMATION 38 \u00e0 les utiliser, sauf mention sp\u00e9cifique DR.<\/p>\n<p>Images utilis\u00e9es issus de la banque de donn\u00e9es en ligne<\/p>\n<ul>\n<li>pexels.<\/li>\n<li>Pixabay<\/li>\n<\/ul>\n<p>Le droit de reproduction et\/ou droit de repr\u00e9sentation des donn\u00e9es du site web\u00a0 est exclusivement destin\u00e9 \u00e0 l\u2019usage priv\u00e9 et\/ou aux seules fins de consultation personnelle et priv\u00e9e des utilisateurs du r\u00e9seau Internet.<\/p>\n<p>En cons\u00e9quence et en application de la loi du 11 mars 1957 (art. 41) et du code de la propri\u00e9t\u00e9 intellectuelle toute autre utilisation d\u2019un de ces \u00e9l\u00e9ments est strictement interdite sans l\u2019autorisation explicite de la direction de la communication et constitue un d\u00e9lit de contrefa\u00e7on passible de poursuites.<\/p>\n","protected":false},"excerpt":{"rendered":"<p>Mentions l\u00e9gales jpanimation38.fr et \/jpanimation38.com sont les sites officiels de Jean-Paul Curatella Jean Paul Curatella \u2013 7 rue du 13 juillet 1972 [&hellip;]<\/p>\n","protected":false},"author":1,"featured_media":0,"parent":0,"menu_order":0,"comment_status":"closed","ping_status":"closed","template":"","meta":{"footnotes":""},"class_list":["post-55","page","type-page","status-publish","hentry"],"_links":{"self":[{"href":"https:\/\/jpanimation38.fr\/index.php\/wp-json\/wp\/v2\/pages\/55","targetHints":{"allow":["GET"]}}],"collection":[{"href":"https:\/\/jpanimation38.fr\/index.php\/wp-json\/wp\/v2\/pages"}],"about":[{"href":"https:\/\/jpanimation38.fr\/index.php\/wp-json\/wp\/v2\/types\/page"}],"author":[{"embeddable":true,"href":"https:\/\/jpanimation38.fr\/index.php\/wp-json\/wp\/v2\/users\/1"}],"replies":[{"embeddable":true,"href":"https:\/\/jpanimation38.fr\/index.php\/wp-json\/wp\/v2\/comments?post=55"}],"version-history":[{"count":3,"href":"https:\/\/jpanimation38.fr\/index.php\/wp-json\/wp\/v2\/pages\/55\/revisions"}],"predecessor-version":[{"id":63,"href":"https:\/\/jpanimation38.fr\/index.php\/wp-json\/wp\/v2\/pages\/55\/revisions\/63"}],"wp:attachment":[{"href":"https:\/\/jpanimation38.fr\/index.php\/wp-json\/wp\/v2\/media?parent=55"}],"curies":[{"name":"wp","href":"https:\/\/api.w.org\/{rel}","templated":true}]}}