{"id":67,"date":"2024-04-29T16:55:24","date_gmt":"2024-04-29T14:55:24","guid":{"rendered":"https:\/\/jpanimation38.fr\/?page_id=67"},"modified":"2024-04-30T09:05:42","modified_gmt":"2024-04-30T07:05:42","slug":"mariages","status":"publish","type":"page","link":"https:\/\/jpanimation38.fr\/index.php\/mariages\/","title":{"rendered":"Mariages"},"content":{"rendered":"<div id=\"pl-67\"  class=\"panel-layout\" ><div id=\"pg-67-0\"  class=\"panel-grid panel-has-style\" ><div style=\"padding: 0px 0; \" data-overlay=\"true\" data-overlay-color=\"#000000\" class=\"panel-row-style panel-row-style-for-67-0\" ><div id=\"pgc-67-0-0\"  class=\"panel-grid-cell\" ><div id=\"panel-67-0-0-0\" class=\"so-panel widget widget_media_image panel-first-child\" data-index=\"0\" ><div style=\"text-align: left;\" data-title-color=\"#443f3f\" data-headings-color=\"#443f3f\" class=\"panel-widget-style panel-widget-style-for-67-0-0-0\" ><img loading=\"lazy\" decoding=\"async\" width=\"2560\" height=\"1707\" src=\"https:\/\/jpanimation38.fr\/wp-content\/uploads\/2024\/04\/tmp-nate.png\" class=\"image wp-image-113  attachment-full size-full\" alt=\"\" style=\"max-width: 100%; height: auto;\" srcset=\"https:\/\/jpanimation38.fr\/wp-content\/uploads\/2024\/04\/tmp-nate.png 2560w, https:\/\/jpanimation38.fr\/wp-content\/uploads\/2024\/04\/tmp-nate-300x200.png 300w, https:\/\/jpanimation38.fr\/wp-content\/uploads\/2024\/04\/tmp-nate-1024x683.png 1024w, https:\/\/jpanimation38.fr\/wp-content\/uploads\/2024\/04\/tmp-nate-768x512.png 768w, https:\/\/jpanimation38.fr\/wp-content\/uploads\/2024\/04\/tmp-nate-1536x1024.png 1536w, https:\/\/jpanimation38.fr\/wp-content\/uploads\/2024\/04\/tmp-nate-2048x1366.png 2048w, https:\/\/jpanimation38.fr\/wp-content\/uploads\/2024\/04\/tmp-nate-1000x667.png 1000w, https:\/\/jpanimation38.fr\/wp-content\/uploads\/2024\/04\/tmp-nate-230x153.png 230w, https:\/\/jpanimation38.fr\/wp-content\/uploads\/2024\/04\/tmp-nate-350x233.png 350w, https:\/\/jpanimation38.fr\/wp-content\/uploads\/2024\/04\/tmp-nate-480x320.png 480w, https:\/\/jpanimation38.fr\/wp-content\/uploads\/2024\/04\/tmp-nate-272x182.png 272w\" sizes=\"auto, (max-width: 2560px) 100vw, 2560px\" \/><\/div><\/div><div id=\"panel-67-0-0-1\" class=\"so-panel widget widget_sow-editor panel-last-child\" data-index=\"1\" ><div style=\"text-align: center;\" data-title-color=\"#443f3f\" data-headings-color=\"#ffffff\" class=\"panel-widget-style panel-widget-style-for-67-0-0-1\" ><div\n\t\t\t\n\t\t\tclass=\"so-widget-sow-editor so-widget-sow-editor-base\"\n\t\t\t\n\t\t>\n<div class=\"siteorigin-widget-tinymce textwidget\">\n\t<p><span style=\"color: #ffffff; font-family: Arial;\">DJ MARIAGE : lorsqu'ils se disent \"Oui\" pour la vie,\u00a0 nous sommes l\u00e0 pour que cette c\u00e9l\u00e9bration soit une f\u00eate !<br \/>\n<\/span><\/p>\n<\/div>\n<\/div><\/div><\/div><\/div><\/div><\/div><div id=\"pg-67-1\"  class=\"panel-grid panel-has-style\" ><div style=\"padding: 10px 0; \" data-overlay=\"true\" data-overlay-color=\"#000000\" class=\"panel-row-style panel-row-style-for-67-1\" ><div id=\"pgc-67-1-0\"  class=\"panel-grid-cell\" ><div id=\"panel-67-1-0-0\" class=\"so-panel widget widget_media_image panel-first-child panel-last-child\" data-index=\"2\" ><div style=\"text-align: center;\" data-title-color=\"#443f3f\" data-headings-color=\"#443f3f\" class=\"panel-widget-style panel-widget-style-for-67-1-0-0\" ><a href=\"https:\/\/www.mariages.net\/musique-mariage\/jp-animation--e199285\" target=\"_blank\"><img loading=\"lazy\" decoding=\"async\" width=\"150\" height=\"150\" src=\"https:\/\/jpanimation38.fr\/wp-content\/uploads\/2024\/04\/Wedding-Awards-2022-1-150x150.jpg\" class=\"image wp-image-88  attachment-thumbnail size-thumbnail\" alt=\"\" style=\"max-width: 100%; height: auto;\" srcset=\"https:\/\/jpanimation38.fr\/wp-content\/uploads\/2024\/04\/Wedding-Awards-2022-1-150x150.jpg 150w, https:\/\/jpanimation38.fr\/wp-content\/uploads\/2024\/04\/Wedding-Awards-2022-1-300x300.jpg 300w, https:\/\/jpanimation38.fr\/wp-content\/uploads\/2024\/04\/Wedding-Awards-2022-1-768x768.jpg 768w, https:\/\/jpanimation38.fr\/wp-content\/uploads\/2024\/04\/Wedding-Awards-2022-1-230x230.jpg 230w, https:\/\/jpanimation38.fr\/wp-content\/uploads\/2024\/04\/Wedding-Awards-2022-1-350x350.jpg 350w, https:\/\/jpanimation38.fr\/wp-content\/uploads\/2024\/04\/Wedding-Awards-2022-1-480x480.jpg 480w, https:\/\/jpanimation38.fr\/wp-content\/uploads\/2024\/04\/Wedding-Awards-2022-1.jpg 998w\" sizes=\"auto, (max-width: 150px) 100vw, 150px\" \/><\/a><\/div><\/div><\/div><div id=\"pgc-67-1-1\"  class=\"panel-grid-cell panel-grid-cell-empty\" ><\/div><div id=\"pgc-67-1-2\"  class=\"panel-grid-cell\" ><div id=\"panel-67-1-2-0\" class=\"so-panel widget widget_media_image panel-first-child panel-last-child\" data-index=\"3\" ><div style=\"text-align: center;\" data-title-color=\"#443f3f\" data-headings-color=\"#443f3f\" class=\"panel-widget-style panel-widget-style-for-67-1-2-0\" ><a href=\"https:\/\/www.mariages.net\/musique-mariage\/jp-animation--e199285\" target=\"_blank\"><img loading=\"lazy\" decoding=\"async\" width=\"150\" height=\"150\" src=\"https:\/\/jpanimation38.fr\/wp-content\/uploads\/2024\/04\/Wedding-Awards-2023-1-150x150.jpg\" class=\"image wp-image-93  attachment-thumbnail size-thumbnail\" alt=\"\" style=\"max-width: 100%; height: auto;\" srcset=\"https:\/\/jpanimation38.fr\/wp-content\/uploads\/2024\/04\/Wedding-Awards-2023-1-150x150.jpg 150w, https:\/\/jpanimation38.fr\/wp-content\/uploads\/2024\/04\/Wedding-Awards-2023-1-300x300.jpg 300w, https:\/\/jpanimation38.fr\/wp-content\/uploads\/2024\/04\/Wedding-Awards-2023-1-768x768.jpg 768w, https:\/\/jpanimation38.fr\/wp-content\/uploads\/2024\/04\/Wedding-Awards-2023-1-230x230.jpg 230w, https:\/\/jpanimation38.fr\/wp-content\/uploads\/2024\/04\/Wedding-Awards-2023-1-350x350.jpg 350w, https:\/\/jpanimation38.fr\/wp-content\/uploads\/2024\/04\/Wedding-Awards-2023-1-480x480.jpg 480w, https:\/\/jpanimation38.fr\/wp-content\/uploads\/2024\/04\/Wedding-Awards-2023-1.jpg 998w\" sizes=\"auto, (max-width: 150px) 100vw, 150px\" \/><\/a><\/div><\/div><\/div><div id=\"pgc-67-1-3\"  class=\"panel-grid-cell panel-grid-cell-empty\" ><\/div><div id=\"pgc-67-1-4\"  class=\"panel-grid-cell\" ><div id=\"panel-67-1-4-0\" class=\"so-panel widget widget_media_image panel-first-child panel-last-child\" data-index=\"4\" ><div style=\"text-align: center;\" data-title-color=\"#443f3f\" data-headings-color=\"#443f3f\" class=\"panel-widget-style panel-widget-style-for-67-1-4-0\" ><a href=\"https:\/\/www.mariages.net\/musique-mariage\/jp-animation--e199285\" target=\"_blank\"><img loading=\"lazy\" decoding=\"async\" width=\"150\" height=\"150\" src=\"https:\/\/jpanimation38.fr\/wp-content\/uploads\/2024\/04\/Wedding-Awards-2024-1-150x150.jpg\" class=\"image wp-image-94  attachment-thumbnail size-thumbnail\" alt=\"\" style=\"max-width: 100%; height: auto;\" srcset=\"https:\/\/jpanimation38.fr\/wp-content\/uploads\/2024\/04\/Wedding-Awards-2024-1-150x150.jpg 150w, https:\/\/jpanimation38.fr\/wp-content\/uploads\/2024\/04\/Wedding-Awards-2024-1-300x300.jpg 300w, https:\/\/jpanimation38.fr\/wp-content\/uploads\/2024\/04\/Wedding-Awards-2024-1-768x768.jpg 768w, https:\/\/jpanimation38.fr\/wp-content\/uploads\/2024\/04\/Wedding-Awards-2024-1-230x230.jpg 230w, https:\/\/jpanimation38.fr\/wp-content\/uploads\/2024\/04\/Wedding-Awards-2024-1-350x350.jpg 350w, https:\/\/jpanimation38.fr\/wp-content\/uploads\/2024\/04\/Wedding-Awards-2024-1-480x480.jpg 480w, https:\/\/jpanimation38.fr\/wp-content\/uploads\/2024\/04\/Wedding-Awards-2024-1.jpg 998w\" sizes=\"auto, (max-width: 150px) 100vw, 150px\" \/><\/a><\/div><\/div><\/div><\/div><\/div><div id=\"pg-67-2\"  class=\"panel-grid panel-has-style\" ><div style=\"padding: 0px 0; \" data-overlay=\"true\" data-overlay-color=\"#000000\" class=\"panel-row-style panel-row-style-for-67-2\" ><div id=\"pgc-67-2-0\"  class=\"panel-grid-cell\" ><div id=\"panel-67-2-0-0\" class=\"so-panel widget widget_sow-editor panel-first-child\" data-index=\"5\" ><div style=\"text-align: left;\" data-title-color=\"#443f3f\" data-headings-color=\"#443f3f\" class=\"panel-widget-style panel-widget-style-for-67-2-0-0\" ><div\n\t\t\t\n\t\t\tclass=\"so-widget-sow-editor so-widget-sow-editor-base\"\n\t\t\t\n\t\t>\n<div class=\"siteorigin-widget-tinymce textwidget\">\n\t<p style=\"text-align: left;\">Laur\u00e9at du prix \"Mariages.net\" trois ann\u00e9es cons\u00e9cutives, JP ANIMATION 38 dirige votre soir\u00e9e de mariage avec enthousiasme ! Fort d'une expertise de 20 ans, il vous propose un service \u00e0 la carte o\u00f9 vous pouvez composer votre animation par th\u00e8me (ou parmi un catalogue de milliers de titres) ! N'h\u00e9sitez pas \u00e0 recourir \u00e0 une prestation live lors du vin d'honneur : par sa polyvalence et sa maitrise, JP vous offrira un show exceptionnel combin\u00e9 \u00e0 celui du groupe (jazz, funk, manouche, pop etc...) qu'il aura choisi avec vous pour l'occasion !<\/p>\n<\/div>\n<\/div><\/div><\/div><div id=\"panel-67-2-0-1\" class=\"so-panel widget widget_sow-button\" data-index=\"6\" ><div style=\"text-align: left;\" data-title-color=\"#443f3f\" data-headings-color=\"#443f3f\" class=\"panel-widget-style panel-widget-style-for-67-2-0-1\" ><div\n\t\t\t\n\t\t\tclass=\"so-widget-sow-button so-widget-sow-button-flat-1ecc0dceafd3-67\"\n\t\t\t\n\t\t><div class=\"ow-button-base ow-button-align-center\">\n\t\t\t<a\n\t\t\t\t\thref=\"https:\/\/www.mariages.net\/musique-mariage\/jp-animation--e199285\"\n\t\t\t\t\tclass=\"sowb-button ow-icon-placement-left ow-button-hover\" target=\"_blank\" rel=\"noopener noreferrer\" \t>\n\t\t<span>\n\t\t\t\n\t\t\tPLUS D'INFOS\t\t<\/span>\n\t\t\t<\/a>\n\t<\/div>\n<\/div><\/div><\/div><div id=\"panel-67-2-0-2\" class=\"so-panel widget widget_sow-editor panel-last-child\" data-index=\"7\" ><div style=\"text-align: left;\" data-title-color=\"#443f3f\" data-headings-color=\"#443f3f\" class=\"panel-widget-style panel-widget-style-for-67-2-0-2\" ><div\n\t\t\t\n\t\t\tclass=\"so-widget-sow-editor so-widget-sow-editor-base\"\n\t\t\t\n\t\t>\n<div class=\"siteorigin-widget-tinymce textwidget\">\n\t<p><a href=\"https:\/\/www.mariages.net\/musique-mariage\/jp-animation--e199285\/avis\" target=\"_blank\" rel=\"noopener\"><img loading=\"lazy\" decoding=\"async\" class=\"wp-image-137 size-full aligncenter\" src=\"https:\/\/jpanimation38.fr\/wp-content\/uploads\/2024\/04\/avis1.png\" alt=\"\" width=\"962\" height=\"463\" srcset=\"https:\/\/jpanimation38.fr\/wp-content\/uploads\/2024\/04\/avis1.png 962w, https:\/\/jpanimation38.fr\/wp-content\/uploads\/2024\/04\/avis1-300x144.png 300w, https:\/\/jpanimation38.fr\/wp-content\/uploads\/2024\/04\/avis1-768x370.png 768w, https:\/\/jpanimation38.fr\/wp-content\/uploads\/2024\/04\/avis1-230x111.png 230w, https:\/\/jpanimation38.fr\/wp-content\/uploads\/2024\/04\/avis1-350x168.png 350w, https:\/\/jpanimation38.fr\/wp-content\/uploads\/2024\/04\/avis1-480x231.png 480w\" sizes=\"auto, (max-width: 962px) 100vw, 962px\" \/><\/a><\/p>\n<\/div>\n<\/div><\/div><\/div><\/div><\/div><\/div><\/div>","protected":false},"excerpt":{"rendered":"<p>DJ MARIAGE : lorsqu&rsquo;ils se disent \u00ab\u00a0Oui\u00a0\u00bb pour la vie,\u00a0 nous sommes l\u00e0 pour que cette c\u00e9l\u00e9bration soit une f\u00eate !<\/p>\n","protected":false},"author":1,"featured_media":0,"parent":0,"menu_order":0,"comment_status":"closed","ping_status":"closed","template":"page-templates\/page_front-page.php","meta":{"footnotes":""},"class_list":["post-67","page","type-page","status-publish","hentry"],"_links":{"self":[{"href":"https:\/\/jpanimation38.fr\/index.php\/wp-json\/wp\/v2\/pages\/67","targetHints":{"allow":["GET"]}}],"collection":[{"href":"https:\/\/jpanimation38.fr\/index.php\/wp-json\/wp\/v2\/pages"}],"about":[{"href":"https:\/\/jpanimation38.fr\/index.php\/wp-json\/wp\/v2\/types\/page"}],"author":[{"embeddable":true,"href":"https:\/\/jpanimation38.fr\/index.php\/wp-json\/wp\/v2\/users\/1"}],"replies":[{"embeddable":true,"href":"https:\/\/jpanimation38.fr\/index.php\/wp-json\/wp\/v2\/comments?post=67"}],"version-history":[{"count":41,"href":"https:\/\/jpanimation38.fr\/index.php\/wp-json\/wp\/v2\/pages\/67\/revisions"}],"predecessor-version":[{"id":95,"href":"https:\/\/jpanimation38.fr\/index.php\/wp-json\/wp\/v2\/pages\/67\/revisions\/95"}],"wp:attachment":[{"href":"https:\/\/jpanimation38.fr\/index.php\/wp-json\/wp\/v2\/media?parent=67"}],"curies":[{"name":"wp","href":"https:\/\/api.w.org\/{rel}","templated":true}]}}